{"id":3,"date":"2025-03-19T21:50:32","date_gmt":"2025-03-19T21:50:32","guid":{"rendered":"https:\/\/execor.vamtam.com\/?page_id=3"},"modified":"2026-01-05T08:39:46","modified_gmt":"2026-01-05T08:39:46","slug":"privacy-policy","status":"publish","type":"page","link":"https:\/\/advancedmedpharma.informatikab.com\/ar\/privacy-policy\/","title":{"rendered":"\u0633\u064a\u0627\u0633\u0629 \u0627\u0644\u062e\u0635\u0648\u0635\u064a\u0629"},"content":{"rendered":"<div data-elementor-type=\"wp-page\" data-elementor-id=\"3\" class=\"elementor elementor-3\" data-elementor-post-type=\"page\">\n\t\t\t\t<div class=\"elementor-element elementor-element-30c6cd5 e-flex e-con-boxed e-con e-parent\" data-id=\"30c6cd5\" data-element_type=\"container\">\n\t\t\t\t\t<div class=\"e-con-inner\">\n\t\t<div class=\"elementor-element elementor-element-44f0fa2 e-con-full e-flex e-con e-child\" data-id=\"44f0fa2\" data-element_type=\"container\">\n\t\t\t\t<div class=\"elementor-element elementor-element-da2627d elementor-widget elementor-widget-heading\" data-id=\"da2627d\" data-element_type=\"widget\" data-widget_type=\"heading.default\">\n\t\t\t\t<div class=\"elementor-widget-container\">\n\t\t\t\t\t<h3 class=\"elementor-heading-title elementor-size-default\">Quelles informations recueillons-nous?<\/h3>\t\t\t\t<\/div>\n\t\t\t\t<\/div>\n\t\t\t\t<div class=\"elementor-element elementor-element-8d72be2 elementor-widget elementor-widget-text-editor\" data-id=\"8d72be2\" data-element_type=\"widget\" data-widget_type=\"text-editor.default\">\n\t\t\t\t<div class=\"elementor-widget-container\">\n\t\t\t\t\t\t\t\t\t<p>Lorsque vous interagissez avec nous, nous pouvons recueillir vos nom, adresse, adresse(s) \u00e9lectronique(s), num\u00e9ro (s) de t\u00e9l\u00e9phone et, le cas \u00e9ch\u00e9ant, date de naissance.<\/p>\t\t\t\t\t\t\t\t<\/div>\n\t\t\t\t<\/div>\n\t\t\t\t<div class=\"elementor-element elementor-element-08b3a2b elementor-widget elementor-widget-heading\" data-id=\"08b3a2b\" data-element_type=\"widget\" data-widget_type=\"heading.default\">\n\t\t\t\t<div class=\"elementor-widget-container\">\n\t\t\t\t\t<h3 class=\"elementor-heading-title elementor-size-default\">Comment recueillons-nous des informations?<\/h3>\t\t\t\t<\/div>\n\t\t\t\t<\/div>\n\t\t\t\t<div class=\"elementor-element elementor-element-f109c8e elementor-widget elementor-widget-text-editor\" data-id=\"f109c8e\" data-element_type=\"widget\" data-widget_type=\"text-editor.default\">\n\t\t\t\t<div class=\"elementor-widget-container\">\n\t\t\t\t\t\t\t\t\t<p>Nous pouvons collecter des informations vous concernant chaque fois que vous interagissez avec nous. Par exemple, lorsque vous communiquez avec nous au sujet de nos activit\u00e9s, que vous vous inscrivez en tant que partisan, que vous envoyez ou recevez des informations ou que vous signez une p\u00e9tition, vous nous fournissez sp\u00e9cifiquement et sciemment vos informations personnelles. Nous pouvons \u00e9galement recevoir des informations vous concernant de la part de tiers, mais uniquement si vous leur avez donn\u00e9 la permission de partager vos informations.<\/p>\t\t\t\t\t\t\t\t<\/div>\n\t\t\t\t<\/div>\n\t\t\t\t<div class=\"elementor-element elementor-element-e08c843 elementor-widget elementor-widget-heading\" data-id=\"e08c843\" data-element_type=\"widget\" data-widget_type=\"heading.default\">\n\t\t\t\t<div class=\"elementor-widget-container\">\n\t\t\t\t\t<h3 class=\"elementor-heading-title elementor-size-default\">Confidentialit\u00e9<\/h3>\t\t\t\t<\/div>\n\t\t\t\t<\/div>\n\t\t\t\t<div class=\"elementor-element elementor-element-66cdd8e elementor-widget elementor-widget-text-editor\" data-id=\"66cdd8e\" data-element_type=\"widget\" data-widget_type=\"text-editor.default\">\n\t\t\t\t<div class=\"elementor-widget-container\">\n\t\t\t\t\t\t\t\t\t<p>Nous ne serons pas responsables de la confidentialit\u00e9 des donn\u00e9es collect\u00e9es par des sites Web qui ne sont pas d\u00e9tenus ou g\u00e9r\u00e9s par un organisme de bienfaisance, y compris ceux li\u00e9s via notre site Web.<\/p>\t\t\t\t\t\t\t\t<\/div>\n\t\t\t\t<\/div>\n\t\t\t\t<div class=\"elementor-element elementor-element-6710d3c elementor-widget elementor-widget-heading\" data-id=\"6710d3c\" data-element_type=\"widget\" data-widget_type=\"heading.default\">\n\t\t\t\t<div class=\"elementor-widget-container\">\n\t\t\t\t\t<h3 class=\"elementor-heading-title elementor-size-default\">D\u00e9poser une plainte<\/h3>\t\t\t\t<\/div>\n\t\t\t\t<\/div>\n\t\t\t\t<div class=\"elementor-element elementor-element-ca66379 elementor-widget elementor-widget-text-editor\" data-id=\"ca66379\" data-element_type=\"widget\" data-widget_type=\"text-editor.default\">\n\t\t\t\t<div class=\"elementor-widget-container\">\n\t\t\t\t\t\t\t\t\t<p>Si vous n&rsquo;\u00eates pas satisfait de la r\u00e9ponse, veuillez nous contacter \u00e0 <a href=\"mailto:regulatory@advancedpharma-dz.com\">regulatory@advancedpharma-dz.com<\/a> avec les d\u00e9tails expliquant vos pr\u00e9occupations. Nous examinerons votre plainte et v\u00e9rifierons si les bonnes proc\u00e9dures ont \u00e9t\u00e9 suivies et vous r\u00e9pondrons le cas \u00e9ch\u00e9ant. Nous visons \u00e0 terminer cette enqu\u00eate dans les 15 jours ouvrables suivant la r\u00e9ception de votre plainte, cependant, dans certains cas, cela peut prendre plus de temps. Si vous n&rsquo;\u00eates toujours pas satisfait de la r\u00e9ponse, vous pouvez nous contacter.<\/p>\t\t\t\t\t\t\t\t<\/div>\n\t\t\t\t<\/div>\n\t\t\t\t<\/div>\n\t\t\t\t\t<\/div>\n\t\t\t\t<\/div>\n\t\t\t\t<\/div>","protected":false},"excerpt":{"rendered":"<p>Quelles informations recueillons-nous? Lorsque vous interagissez avec nous, nous pouvons recueillir vos nom, adresse, adresse(s) \u00e9lectronique(s), num\u00e9ro (s) de t\u00e9l\u00e9phone et, le cas \u00e9ch\u00e9ant, date de naissance. Comment recueillons-nous des informations? Nous pouvons collecter des informations vous concernant chaque fois que vous interagissez avec nous. Par exemple, lorsque vous communiquez avec nous au sujet de&#8230;<\/p>","protected":false},"author":1,"featured_media":0,"parent":0,"menu_order":0,"comment_status":"closed","ping_status":"closed","template":"","meta":{"footnotes":""},"class_list":["post-3","page","type-page","status-publish","hentry"],"yoast_head":"<!-- This site is optimized with the Yoast SEO plugin v26.1.1 - https:\/\/yoast.com\/wordpress\/plugins\/seo\/ -->\n<title>Politique de Confidentialit\u00e9 - Advanced med-pharma<\/title>\n<meta name=\"robots\" content=\"index, follow, max-snippet:-1, max-image-preview:large, max-video-preview:-1\" \/>\n<link rel=\"canonical\" href=\"https:\/\/advancedmedpharma.informatikab.com\/ar\/privacy-policy\/\" \/>\n<meta property=\"og:locale\" content=\"ar_AR\" \/>\n<meta property=\"og:type\" content=\"article\" \/>\n<meta property=\"og:title\" content=\"Politique de Confidentialit\u00e9 - Advanced med-pharma\" \/>\n<meta property=\"og:description\" content=\"Quelles informations recueillons-nous? Lorsque vous interagissez avec nous, nous pouvons recueillir vos nom, adresse, adresse(s) \u00e9lectronique(s), num\u00e9ro (s) de t\u00e9l\u00e9phone et, le cas \u00e9ch\u00e9ant, date de naissance. Comment recueillons-nous des informations? Nous pouvons collecter des informations vous concernant chaque fois que vous interagissez avec nous. Par exemple, lorsque vous communiquez avec nous au sujet de...\" \/>\n<meta property=\"og:url\" content=\"https:\/\/advancedmedpharma.informatikab.com\/ar\/privacy-policy\/\" \/>\n<meta property=\"og:site_name\" content=\"Advanced med-pharma\" \/>\n<meta property=\"article:modified_time\" content=\"2026-01-05T08:39:46+00:00\" \/>\n<meta name=\"twitter:card\" content=\"summary_large_image\" \/>\n<meta name=\"twitter:label1\" content=\"\u0648\u0642\u062a \u0627\u0644\u0642\u0631\u0627\u0621\u0629 \u0627\u0644\u0645\u064f\u0642\u062f\u0651\u0631\" \/>\n\t<meta name=\"twitter:data1\" content=\"\u062f\u0642\u064a\u0642\u062a\u0627\u0646\" \/>\n<script type=\"application\/ld+json\" class=\"yoast-schema-graph\">{\"@context\":\"https:\/\/schema.org\",\"@graph\":[{\"@type\":\"WebPage\",\"@id\":\"https:\/\/advancedmedpharma.informatikab.com\/privacy-policy\/\",\"url\":\"https:\/\/advancedmedpharma.informatikab.com\/privacy-policy\/\",\"name\":\"Politique de Confidentialit\u00e9 - Advanced med-pharma\",\"isPartOf\":{\"@id\":\"https:\/\/advancedmedpharma.informatikab.com\/#website\"},\"datePublished\":\"2025-03-19T21:50:32+00:00\",\"dateModified\":\"2026-01-05T08:39:46+00:00\",\"breadcrumb\":{\"@id\":\"https:\/\/advancedmedpharma.informatikab.com\/privacy-policy\/#breadcrumb\"},\"inLanguage\":\"ar\",\"potentialAction\":[{\"@type\":\"ReadAction\",\"target\":[\"https:\/\/advancedmedpharma.informatikab.com\/privacy-policy\/\"]}]},{\"@type\":\"BreadcrumbList\",\"@id\":\"https:\/\/advancedmedpharma.informatikab.com\/privacy-policy\/#breadcrumb\",\"itemListElement\":[{\"@type\":\"ListItem\",\"position\":1,\"name\":\"Home\",\"item\":\"https:\/\/advancedmedpharma.informatikab.com\/\"},{\"@type\":\"ListItem\",\"position\":2,\"name\":\"Politique de Confidentialit\u00e9\"}]},{\"@type\":\"WebSite\",\"@id\":\"https:\/\/advancedmedpharma.informatikab.com\/#website\",\"url\":\"https:\/\/advancedmedpharma.informatikab.com\/\",\"name\":\"Advanced med-pharma\",\"description\":\"Advanced med-pharma \u2013 Accounting and Consulting  Wordpress Theme\",\"publisher\":{\"@id\":\"https:\/\/advancedmedpharma.informatikab.com\/#organization\"},\"potentialAction\":[{\"@type\":\"SearchAction\",\"target\":{\"@type\":\"EntryPoint\",\"urlTemplate\":\"https:\/\/advancedmedpharma.informatikab.com\/?s={search_term_string}\"},\"query-input\":{\"@type\":\"PropertyValueSpecification\",\"valueRequired\":true,\"valueName\":\"search_term_string\"}}],\"inLanguage\":\"ar\"},{\"@type\":\"Organization\",\"@id\":\"https:\/\/advancedmedpharma.informatikab.com\/#organization\",\"name\":\"Advanced med-pharma\",\"url\":\"https:\/\/advancedmedpharma.informatikab.com\/\",\"logo\":{\"@type\":\"ImageObject\",\"inLanguage\":\"ar\",\"@id\":\"https:\/\/advancedmedpharma.informatikab.com\/#\/schema\/logo\/image\/\",\"url\":\"https:\/\/advancedmedpharma.informatikab.com\/wp-content\/uploads\/2025\/03\/advanced-med-pharma.svg\",\"contentUrl\":\"https:\/\/advancedmedpharma.informatikab.com\/wp-content\/uploads\/2025\/03\/advanced-med-pharma.svg\",\"width\":210,\"height\":57,\"caption\":\"Advanced med-pharma\"},\"image\":{\"@id\":\"https:\/\/advancedmedpharma.informatikab.com\/#\/schema\/logo\/image\/\"}}]}<\/script>\n<!-- \/ Yoast SEO plugin. -->","yoast_head_json":{"title":"Politique de Confidentialit\u00e9 - Advanced med-pharma","robots":{"index":"index","follow":"follow","max-snippet":"max-snippet:-1","max-image-preview":"max-image-preview:large","max-video-preview":"max-video-preview:-1"},"canonical":"https:\/\/advancedmedpharma.informatikab.com\/ar\/privacy-policy\/","og_locale":"ar_AR","og_type":"article","og_title":"Politique de Confidentialit\u00e9 - Advanced med-pharma","og_description":"Quelles informations recueillons-nous? Lorsque vous interagissez avec nous, nous pouvons recueillir vos nom, adresse, adresse(s) \u00e9lectronique(s), num\u00e9ro (s) de t\u00e9l\u00e9phone et, le cas \u00e9ch\u00e9ant, date de naissance. Comment recueillons-nous des informations? Nous pouvons collecter des informations vous concernant chaque fois que vous interagissez avec nous. Par exemple, lorsque vous communiquez avec nous au sujet de...","og_url":"https:\/\/advancedmedpharma.informatikab.com\/ar\/privacy-policy\/","og_site_name":"Advanced med-pharma","article_modified_time":"2026-01-05T08:39:46+00:00","twitter_card":"summary_large_image","twitter_misc":{"\u0648\u0642\u062a \u0627\u0644\u0642\u0631\u0627\u0621\u0629 \u0627\u0644\u0645\u064f\u0642\u062f\u0651\u0631":"\u062f\u0642\u064a\u0642\u062a\u0627\u0646"},"schema":{"@context":"https:\/\/schema.org","@graph":[{"@type":"WebPage","@id":"https:\/\/advancedmedpharma.informatikab.com\/privacy-policy\/","url":"https:\/\/advancedmedpharma.informatikab.com\/privacy-policy\/","name":"Politique de Confidentialit\u00e9 - Advanced med-pharma","isPartOf":{"@id":"https:\/\/advancedmedpharma.informatikab.com\/#website"},"datePublished":"2025-03-19T21:50:32+00:00","dateModified":"2026-01-05T08:39:46+00:00","breadcrumb":{"@id":"https:\/\/advancedmedpharma.informatikab.com\/privacy-policy\/#breadcrumb"},"inLanguage":"ar","potentialAction":[{"@type":"ReadAction","target":["https:\/\/advancedmedpharma.informatikab.com\/privacy-policy\/"]}]},{"@type":"BreadcrumbList","@id":"https:\/\/advancedmedpharma.informatikab.com\/privacy-policy\/#breadcrumb","itemListElement":[{"@type":"ListItem","position":1,"name":"Home","item":"https:\/\/advancedmedpharma.informatikab.com\/"},{"@type":"ListItem","position":2,"name":"Politique de Confidentialit\u00e9"}]},{"@type":"WebSite","@id":"https:\/\/advancedmedpharma.informatikab.com\/#website","url":"https:\/\/advancedmedpharma.informatikab.com\/","name":"\u0627\u0644\u0623\u062f\u0648\u064a\u0629 \u0627\u0644\u0637\u0628\u064a\u0629 \u0627\u0644\u0645\u062a\u0642\u062f\u0645\u0629","description":"\u0633\u0645\u0629 \u0648\u0648\u0631\u062f\u0628\u0631\u064a\u0633 \u0644\u0644\u0645\u062d\u0627\u0633\u0628\u0629 \u0648\u0627\u0644\u0627\u0633\u062a\u0634\u0627\u0631\u0627\u062a \u0627\u0644\u0637\u0628\u064a\u0629 \u0627\u0644\u0645\u062a\u0642\u062f\u0645\u0629","publisher":{"@id":"https:\/\/advancedmedpharma.informatikab.com\/#organization"},"potentialAction":[{"@type":"SearchAction","target":{"@type":"EntryPoint","urlTemplate":"https:\/\/advancedmedpharma.informatikab.com\/?s={search_term_string}"},"query-input":{"@type":"PropertyValueSpecification","valueRequired":true,"valueName":"search_term_string"}}],"inLanguage":"ar"},{"@type":"Organization","@id":"https:\/\/advancedmedpharma.informatikab.com\/#organization","name":"\u0627\u0644\u0623\u062f\u0648\u064a\u0629 \u0627\u0644\u0637\u0628\u064a\u0629 \u0627\u0644\u0645\u062a\u0642\u062f\u0645\u0629","url":"https:\/\/advancedmedpharma.informatikab.com\/","logo":{"@type":"ImageObject","inLanguage":"ar","@id":"https:\/\/advancedmedpharma.informatikab.com\/#\/schema\/logo\/image\/","url":"https:\/\/advancedmedpharma.informatikab.com\/wp-content\/uploads\/2025\/03\/advanced-med-pharma.svg","contentUrl":"https:\/\/advancedmedpharma.informatikab.com\/wp-content\/uploads\/2025\/03\/advanced-med-pharma.svg","width":210,"height":57,"caption":"Advanced med-pharma"},"image":{"@id":"https:\/\/advancedmedpharma.informatikab.com\/#\/schema\/logo\/image\/"}}]}},"_hostinger_reach_plugin_has_subscription_block":false,"_hostinger_reach_plugin_is_elementor":false,"_links":{"self":[{"href":"https:\/\/advancedmedpharma.informatikab.com\/ar\/wp-json\/wp\/v2\/pages\/3","targetHints":{"allow":["GET"]}}],"collection":[{"href":"https:\/\/advancedmedpharma.informatikab.com\/ar\/wp-json\/wp\/v2\/pages"}],"about":[{"href":"https:\/\/advancedmedpharma.informatikab.com\/ar\/wp-json\/wp\/v2\/types\/page"}],"author":[{"embeddable":true,"href":"https:\/\/advancedmedpharma.informatikab.com\/ar\/wp-json\/wp\/v2\/users\/1"}],"replies":[{"embeddable":true,"href":"https:\/\/advancedmedpharma.informatikab.com\/ar\/wp-json\/wp\/v2\/comments?post=3"}],"version-history":[{"count":3,"href":"https:\/\/advancedmedpharma.informatikab.com\/ar\/wp-json\/wp\/v2\/pages\/3\/revisions"}],"predecessor-version":[{"id":988760,"href":"https:\/\/advancedmedpharma.informatikab.com\/ar\/wp-json\/wp\/v2\/pages\/3\/revisions\/988760"}],"wp:attachment":[{"href":"https:\/\/advancedmedpharma.informatikab.com\/ar\/wp-json\/wp\/v2\/media?parent=3"}],"curies":[{"name":"wp","href":"https:\/\/api.w.org\/{rel}","templated":true}]}}