{"id":262,"date":"2025-03-28T07:45:36","date_gmt":"2025-03-28T07:45:36","guid":{"rendered":"https:\/\/execor.vamtam.com\/?page_id=262"},"modified":"2026-01-04T09:53:08","modified_gmt":"2026-01-04T09:53:08","slug":"blog","status":"publish","type":"page","link":"https:\/\/advancedmedpharma.informatikab.com\/en\/blog\/","title":{"rendered":"Blog"},"content":{"rendered":"<div data-elementor-type=\"wp-page\" data-elementor-id=\"262\" class=\"elementor elementor-262\" data-elementor-post-type=\"page\">\n\t\t\t\t<div class=\"elementor-element elementor-element-3828824 e-flex e-con-boxed e-con e-parent\" data-id=\"3828824\" data-element_type=\"container\">\n\t\t\t\t\t<div class=\"e-con-inner\">\n\t\t\t\t<div class=\"elementor-element elementor-element-5fec592 elementor-grid-4 elementor-grid-tablet-3 elementor-grid-mobile-1 elementor-widget elementor-widget-loop-grid\" data-id=\"5fec592\" data-element_type=\"widget\" data-settings=\"{&quot;template_id&quot;:&quot;1961&quot;,&quot;columns&quot;:4,&quot;pagination_type&quot;:&quot;load_more_on_click&quot;,&quot;row_gap&quot;:{&quot;unit&quot;:&quot;px&quot;,&quot;size&quot;:45,&quot;sizes&quot;:[]},&quot;columns_tablet&quot;:3,&quot;row_gap_tablet&quot;:{&quot;unit&quot;:&quot;px&quot;,&quot;size&quot;:30,&quot;sizes&quot;:[]},&quot;_skin&quot;:&quot;post&quot;,&quot;columns_mobile&quot;:&quot;1&quot;,&quot;edit_handle_selector&quot;:&quot;[data-elementor-type=\\&quot;loop-item\\&quot;]&quot;,&quot;load_more_spinner&quot;:{&quot;value&quot;:&quot;fas fa-spinner&quot;,&quot;library&quot;:&quot;fa-solid&quot;},&quot;row_gap_mobile&quot;:{&quot;unit&quot;:&quot;px&quot;,&quot;size&quot;:&quot;&quot;,&quot;sizes&quot;:[]}}\" data-widget_type=\"loop-grid.post\">\n\t\t\t\t<div class=\"elementor-widget-container\">\n\t\t\t\t\t\t\t<div class=\"elementor-loop-container elementor-grid\" role=\"list\">\n\t\t<style id=\"loop-1961\">.elementor-1961 .elementor-element.elementor-element-8b3458c{--display:flex;--gap:15px 15px;--row-gap:15px;--column-gap:15px;--padding-top:0px;--padding-bottom:0px;--padding-left:0px;--padding-right:0px;}.elementor-1961 .elementor-element.elementor-element-e4b59e9{--display:flex;--flex-direction:row;--container-widget-width:calc( ( 1 - var( --container-widget-flex-grow ) ) * 100% );--container-widget-height:100%;--container-widget-flex-grow:1;--container-widget-align-self:stretch;--flex-wrap-mobile:wrap;--align-items:center;--gap:10px 10px;--row-gap:10px;--column-gap:10px;--padding-top:0px;--padding-bottom:0px;--padding-left:0px;--padding-right:0px;}.elementor-1961 .elementor-element.elementor-element-4e1ffcd > .elementor-widget-container{background-color:var( --e-global-color-vamtam_accent_3 );padding:8px 8px 8px 8px;border-radius:4px 4px 4px 4px;}.elementor-1961 .elementor-element.elementor-element-4e1ffcd:hover .elementor-widget-container{background-color:var( --e-global-color-vamtam_accent_4 );}.elementor-1961 .elementor-element.elementor-element-4e1ffcd .elementor-icon-list-items:not(.elementor-inline-items) .elementor-icon-list-item:not(:last-child){padding-bottom:calc(10px\/2);}.elementor-1961 .elementor-element.elementor-element-4e1ffcd .elementor-icon-list-items:not(.elementor-inline-items) .elementor-icon-list-item:not(:first-child){margin-top:calc(10px\/2);}.elementor-1961 .elementor-element.elementor-element-4e1ffcd .elementor-icon-list-items.elementor-inline-items .elementor-icon-list-item{margin-right:calc(10px\/2);margin-left:calc(10px\/2);}.elementor-1961 .elementor-element.elementor-element-4e1ffcd .elementor-icon-list-items.elementor-inline-items{margin-right:calc(-10px\/2);margin-left:calc(-10px\/2);}body.rtl .elementor-1961 .elementor-element.elementor-element-4e1ffcd .elementor-icon-list-items.elementor-inline-items .elementor-icon-list-item:after{left:calc(-10px\/2);}body:not(.rtl) .elementor-1961 .elementor-element.elementor-element-4e1ffcd .elementor-icon-list-items.elementor-inline-items .elementor-icon-list-item:after{right:calc(-10px\/2);}.elementor-1961 .elementor-element.elementor-element-4e1ffcd .elementor-icon-list-icon{width:14px;}.elementor-1961 .elementor-element.elementor-element-4e1ffcd .elementor-icon-list-icon i{font-size:14px;}.elementor-1961 .elementor-element.elementor-element-4e1ffcd .elementor-icon-list-icon svg{--e-icon-list-icon-size:14px;}.elementor-1961 .elementor-element.elementor-element-4e1ffcd .elementor-icon-list-text, .elementor-1961 .elementor-element.elementor-element-4e1ffcd .elementor-icon-list-text a{color:var( --e-global-color-597ed21 );}.elementor-1961 .elementor-element.elementor-element-4e1ffcd .elementor-icon-list-item{font-family:var( --e-global-typography-798d94d-font-family ), Sans-serif;font-size:var( --e-global-typography-798d94d-font-size );font-weight:var( --e-global-typography-798d94d-font-weight );line-height:var( --e-global-typography-798d94d-line-height );}.elementor-1961 .elementor-element.elementor-element-74fce07 .elementor-heading-title{font-family:\"erode\", Sans-serif;font-size:1rem;color:var( --e-global-color-vamtam_accent_6 );}.elementor-1961 .elementor-element.elementor-element-74fce07 .elementor-heading-title a:hover, .elementor-1961 .elementor-element.elementor-element-74fce07 .elementor-heading-title a:focus{color:var( --e-global-color-vamtam_accent_1 );}.elementor-1961 .elementor-element.elementor-element-abced80 .elementor-widget-container{font-family:var( --e-global-typography-d778ca5-font-family ), Sans-serif;font-size:var( --e-global-typography-d778ca5-font-size );line-height:var( --e-global-typography-d778ca5-line-height );color:var( --e-global-color-vamtam_accent_8 );}@media(max-width:1024px){.elementor-1961 .elementor-element.elementor-element-8b3458c{--gap:10px 10px;--row-gap:10px;--column-gap:10px;}.elementor-1961 .elementor-element.elementor-element-e4b59e9{--margin-top:4px;--margin-bottom:0px;--margin-left:0px;--margin-right:0px;}.elementor-1961 .elementor-element.elementor-element-4e1ffcd .elementor-icon-list-item{font-size:var( --e-global-typography-798d94d-font-size );line-height:var( --e-global-typography-798d94d-line-height );}.elementor-1961 .elementor-element.elementor-element-abced80 > .elementor-widget-container{margin:-0.3em 0em 0em 0em;}.elementor-1961 .elementor-element.elementor-element-abced80 .elementor-widget-container{font-size:var( --e-global-typography-d778ca5-font-size );line-height:var( --e-global-typography-d778ca5-line-height );}}@media(max-width:767px){.elementor-1961 .elementor-element.elementor-element-4e1ffcd .elementor-icon-list-item{font-size:var( --e-global-typography-798d94d-font-size );line-height:var( --e-global-typography-798d94d-line-height );}.elementor-1961 .elementor-element.elementor-element-abced80 .elementor-widget-container{font-size:var( --e-global-typography-d778ca5-font-size );line-height:var( --e-global-typography-d778ca5-line-height );}}<\/style>\t\t<div data-elementor-type=\"loop-item\" data-elementor-id=\"1961\" class=\"elementor elementor-1961 e-loop-item e-loop-item-988915 post-988915 post type-post status-publish format-standard has-post-thumbnail hentry category-uncategorized\" data-elementor-post-type=\"elementor_library\" data-custom-edit-handle=\"1\">\n\t\t\t<div class=\"elementor-element elementor-element-8b3458c animated-fast e-con-full e-flex e-con e-parent\" data-id=\"8b3458c\" data-element_type=\"container\" data-settings=\"{&quot;animation&quot;:&quot;none&quot;,&quot;animation_delay&quot;:100}\">\n\t\t\t\t<div class=\"elementor-element elementor-element-9b0d8db animated-fast elementor-widget elementor-widget-theme-post-featured-image elementor-widget-image\" data-id=\"9b0d8db\" data-element_type=\"widget\" data-settings=\"{&quot;_animation&quot;:&quot;none&quot;}\" data-widget_type=\"theme-post-featured-image.default\">\n\t\t\t\t<div class=\"elementor-widget-container\">\n\t\t\t\t\t\t\t\t\t\t\t\t\t\t\t\t<a href=\"https:\/\/advancedmedpharma.informatikab.com\/en\/every-step-matters-how-to-successfully-launch-a-medical-device-in-algeria-2\/\">\n\t\t\t\t\t\t\t<img fetchpriority=\"high\" decoding=\"async\" width=\"819\" height=\"1024\" src=\"https:\/\/advancedmedpharma.informatikab.com\/wp-content\/uploads\/2026\/01\/We-guide-your-medical-device-to-market-safely-and-reliably-advancedmedpharma-819x1024.avif\" class=\"attachment-large size-large wp-image-988890\" alt=\"\" srcset=\"https:\/\/advancedmedpharma.informatikab.com\/wp-content\/uploads\/2026\/01\/We-guide-your-medical-device-to-market-safely-and-reliably-advancedmedpharma-819x1024.avif 819w, https:\/\/advancedmedpharma.informatikab.com\/wp-content\/uploads\/2026\/01\/We-guide-your-medical-device-to-market-safely-and-reliably-advancedmedpharma-240x300.avif 240w, https:\/\/advancedmedpharma.informatikab.com\/wp-content\/uploads\/2026\/01\/We-guide-your-medical-device-to-market-safely-and-reliably-advancedmedpharma-768x960.avif 768w, https:\/\/advancedmedpharma.informatikab.com\/wp-content\/uploads\/2026\/01\/We-guide-your-medical-device-to-market-safely-and-reliably-advancedmedpharma-10x12.avif 10w, https:\/\/advancedmedpharma.informatikab.com\/wp-content\/uploads\/2026\/01\/We-guide-your-medical-device-to-market-safely-and-reliably-advancedmedpharma.avif 1080w\" sizes=\"(max-width: 819px) 100vw, 819px\" \/>\t\t\t\t\t\t\t\t<\/a>\n\t\t\t\t\t\t\t\t\t\t\t\t\t\t\t<\/div>\n\t\t\t\t<\/div>\n\t\t<div class=\"elementor-element elementor-element-e4b59e9 e-con-full e-flex e-con e-child\" data-id=\"e4b59e9\" data-element_type=\"container\">\n\t\t\t\t<div class=\"elementor-element elementor-element-4e1ffcd elementor-widget elementor-widget-post-info\" data-id=\"4e1ffcd\" data-element_type=\"widget\" data-widget_type=\"post-info.default\">\n\t\t\t\t<div class=\"elementor-widget-container\">\n\t\t\t\t\t\t\t<ul class=\"elementor-inline-items elementor-icon-list-items elementor-post-info\">\n\t\t\t\t\t\t\t\t<li class=\"elementor-icon-list-item elementor-repeater-item-fa4f20e elementor-inline-item\" itemprop=\"about\">\n\t\t\t\t\t\t\t\t\t\t\t\t\t<span class=\"elementor-icon-list-text elementor-post-info__item elementor-post-info__item--type-terms\">\n\t\t\t\t\t\t\t\t\t\t<span class=\"elementor-post-info__terms-list\">\n\t\t\t\t<a href=\"https:\/\/advancedmedpharma.informatikab.com\/en\/category\/uncategorized\/\" class=\"elementor-post-info__terms-list-item\">Uncategorized<\/a>\t\t\t\t<\/span>\n\t\t\t\t\t<\/span>\n\t\t\t\t\t\t\t\t<\/li>\n\t\t\t\t<\/ul>\n\t\t\t\t\t\t<\/div>\n\t\t\t\t<\/div>\n\t\t\t\t<\/div>\n\t\t\t\t<div class=\"elementor-element elementor-element-74fce07 elementor-widget elementor-widget-theme-post-title elementor-page-title elementor-widget-heading\" data-id=\"74fce07\" data-element_type=\"widget\" data-widget_type=\"theme-post-title.default\">\n\t\t\t\t<div class=\"elementor-widget-container\">\n\t\t\t\t\t<h5 class=\"elementor-heading-title elementor-size-default\"><a href=\"https:\/\/advancedmedpharma.informatikab.com\/en\/every-step-matters-how-to-successfully-launch-a-medical-device-in-algeria-2\/\">Every step counts: How to successfully launch a medical device in Algeria<\/a><\/h5>\t\t\t\t<\/div>\n\t\t\t\t<\/div>\n\t\t\t\t<\/div>\n\t\t\t\t<\/div>\n\t\t\t\t<div data-elementor-type=\"loop-item\" data-elementor-id=\"1961\" class=\"elementor elementor-1961 e-loop-item e-loop-item-988886 post-988886 post type-post status-publish format-standard has-post-thumbnail hentry category-uncategorized\" data-elementor-post-type=\"elementor_library\" data-custom-edit-handle=\"1\">\n\t\t\t<div class=\"elementor-element elementor-element-8b3458c animated-fast e-con-full e-flex e-con e-parent\" data-id=\"8b3458c\" data-element_type=\"container\" data-settings=\"{&quot;animation&quot;:&quot;none&quot;,&quot;animation_delay&quot;:100}\">\n\t\t\t\t<div class=\"elementor-element elementor-element-9b0d8db animated-fast elementor-widget elementor-widget-theme-post-featured-image elementor-widget-image\" data-id=\"9b0d8db\" data-element_type=\"widget\" data-settings=\"{&quot;_animation&quot;:&quot;none&quot;}\" data-widget_type=\"theme-post-featured-image.default\">\n\t\t\t\t<div class=\"elementor-widget-container\">\n\t\t\t\t\t\t\t\t\t\t\t\t\t\t\t\t<a href=\"https:\/\/advancedmedpharma.informatikab.com\/en\/every-step-matters-how-to-successfully-launch-a-medical-device-in-algeria\/\">\n\t\t\t\t\t\t\t<img decoding=\"async\" width=\"819\" height=\"1024\" src=\"https:\/\/advancedmedpharma.informatikab.com\/wp-content\/uploads\/2026\/01\/Driving-Strategic-Transformation-in-Pharma-advancedmedpharma-819x1024.avif\" class=\"attachment-large size-large wp-image-988889\" alt=\"\" srcset=\"https:\/\/advancedmedpharma.informatikab.com\/wp-content\/uploads\/2026\/01\/Driving-Strategic-Transformation-in-Pharma-advancedmedpharma-819x1024.avif 819w, https:\/\/advancedmedpharma.informatikab.com\/wp-content\/uploads\/2026\/01\/Driving-Strategic-Transformation-in-Pharma-advancedmedpharma-240x300.avif 240w, https:\/\/advancedmedpharma.informatikab.com\/wp-content\/uploads\/2026\/01\/Driving-Strategic-Transformation-in-Pharma-advancedmedpharma-768x960.avif 768w, https:\/\/advancedmedpharma.informatikab.com\/wp-content\/uploads\/2026\/01\/Driving-Strategic-Transformation-in-Pharma-advancedmedpharma-10x12.avif 10w, https:\/\/advancedmedpharma.informatikab.com\/wp-content\/uploads\/2026\/01\/Driving-Strategic-Transformation-in-Pharma-advancedmedpharma.avif 1080w\" sizes=\"(max-width: 819px) 100vw, 819px\" \/>\t\t\t\t\t\t\t\t<\/a>\n\t\t\t\t\t\t\t\t\t\t\t\t\t\t\t<\/div>\n\t\t\t\t<\/div>\n\t\t<div class=\"elementor-element elementor-element-e4b59e9 e-con-full e-flex e-con e-child\" data-id=\"e4b59e9\" data-element_type=\"container\">\n\t\t\t\t<div class=\"elementor-element elementor-element-4e1ffcd elementor-widget elementor-widget-post-info\" data-id=\"4e1ffcd\" data-element_type=\"widget\" data-widget_type=\"post-info.default\">\n\t\t\t\t<div class=\"elementor-widget-container\">\n\t\t\t\t\t\t\t<ul class=\"elementor-inline-items elementor-icon-list-items elementor-post-info\">\n\t\t\t\t\t\t\t\t<li class=\"elementor-icon-list-item elementor-repeater-item-fa4f20e elementor-inline-item\" itemprop=\"about\">\n\t\t\t\t\t\t\t\t\t\t\t\t\t<span class=\"elementor-icon-list-text elementor-post-info__item elementor-post-info__item--type-terms\">\n\t\t\t\t\t\t\t\t\t\t<span class=\"elementor-post-info__terms-list\">\n\t\t\t\t<a href=\"https:\/\/advancedmedpharma.informatikab.com\/en\/category\/uncategorized\/\" class=\"elementor-post-info__terms-list-item\">Uncategorized<\/a>\t\t\t\t<\/span>\n\t\t\t\t\t<\/span>\n\t\t\t\t\t\t\t\t<\/li>\n\t\t\t\t<\/ul>\n\t\t\t\t\t\t<\/div>\n\t\t\t\t<\/div>\n\t\t\t\t<\/div>\n\t\t\t\t<div class=\"elementor-element elementor-element-74fce07 elementor-widget elementor-widget-theme-post-title elementor-page-title elementor-widget-heading\" data-id=\"74fce07\" data-element_type=\"widget\" data-widget_type=\"theme-post-title.default\">\n\t\t\t\t<div class=\"elementor-widget-container\">\n\t\t\t\t\t<h5 class=\"elementor-heading-title elementor-size-default\"><a href=\"https:\/\/advancedmedpharma.informatikab.com\/en\/every-step-matters-how-to-successfully-launch-a-medical-device-in-algeria\/\">Leading strategic transformation in the pharmaceutical industry<\/a><\/h5>\t\t\t\t<\/div>\n\t\t\t\t<\/div>\n\t\t\t\t<\/div>\n\t\t\t\t<\/div>\n\t\t\t\t<\/div>\n\t\t\t\t\t<span class=\"e-load-more-spinner\">\n\t\t\t\t<i aria-hidden=\"true\" class=\"fas fa-spinner\"><\/i>\t\t\t<\/span>\n\t\t\n\t\t\t\t\t\t<\/div>\n\t\t\t\t<\/div>\n\t\t\t\t\t<\/div>\n\t\t\t\t<\/div>\n\t\t\t\t<\/div>","protected":false},"excerpt":{"rendered":"<p>Discover our articles dedicated to market trends, expert strategies and concrete feedback. Practical and inspiring content to help you make informed decisions, accelerate your growth and innovate sustainably.<\/p>","protected":false},"author":1,"featured_media":0,"parent":0,"menu_order":0,"comment_status":"closed","ping_status":"closed","template":"","meta":{"footnotes":""},"class_list":["post-262","page","type-page","status-publish","hentry"],"yoast_head":"<!-- This site is optimized with the Yoast SEO plugin v26.1.1 - https:\/\/yoast.com\/wordpress\/plugins\/seo\/ -->\n<title>Blog - Advanced med-pharma<\/title>\n<meta name=\"robots\" content=\"index, follow, max-snippet:-1, max-image-preview:large, max-video-preview:-1\" \/>\n<link rel=\"canonical\" href=\"https:\/\/advancedmedpharma.informatikab.com\/en\/blog\/\" \/>\n<meta property=\"og:locale\" content=\"en_GB\" \/>\n<meta property=\"og:type\" content=\"article\" \/>\n<meta property=\"og:title\" content=\"Blog - Advanced med-pharma\" \/>\n<meta property=\"og:description\" content=\"D\u00e9couvrez nos articles d\u00e9di\u00e9s aux tendances du march\u00e9, aux strat\u00e9gies d\u2019experts et aux retours d\u2019exp\u00e9rience concrets. Des contenus pratiques et inspirants pour vous aider \u00e0 prendre des d\u00e9cisions \u00e9clair\u00e9es, acc\u00e9l\u00e9rer votre croissance et innover durablement.\" \/>\n<meta property=\"og:url\" content=\"https:\/\/advancedmedpharma.informatikab.com\/en\/blog\/\" \/>\n<meta property=\"og:site_name\" content=\"Advanced med-pharma\" \/>\n<meta property=\"article:modified_time\" content=\"2026-01-04T09:53:08+00:00\" \/>\n<meta name=\"twitter:card\" content=\"summary_large_image\" \/>\n<script type=\"application\/ld+json\" class=\"yoast-schema-graph\">{\"@context\":\"https:\/\/schema.org\",\"@graph\":[{\"@type\":\"WebPage\",\"@id\":\"https:\/\/advancedmedpharma.informatikab.com\/blog\/\",\"url\":\"https:\/\/advancedmedpharma.informatikab.com\/blog\/\",\"name\":\"Blog - Advanced med-pharma\",\"isPartOf\":{\"@id\":\"https:\/\/advancedmedpharma.informatikab.com\/#website\"},\"datePublished\":\"2025-03-28T07:45:36+00:00\",\"dateModified\":\"2026-01-04T09:53:08+00:00\",\"breadcrumb\":{\"@id\":\"https:\/\/advancedmedpharma.informatikab.com\/blog\/#breadcrumb\"},\"inLanguage\":\"en-GB\",\"potentialAction\":[{\"@type\":\"ReadAction\",\"target\":[\"https:\/\/advancedmedpharma.informatikab.com\/blog\/\"]}]},{\"@type\":\"BreadcrumbList\",\"@id\":\"https:\/\/advancedmedpharma.informatikab.com\/blog\/#breadcrumb\",\"itemListElement\":[{\"@type\":\"ListItem\",\"position\":1,\"name\":\"Home\",\"item\":\"https:\/\/advancedmedpharma.informatikab.com\/\"},{\"@type\":\"ListItem\",\"position\":2,\"name\":\"Blog\"}]},{\"@type\":\"WebSite\",\"@id\":\"https:\/\/advancedmedpharma.informatikab.com\/#website\",\"url\":\"https:\/\/advancedmedpharma.informatikab.com\/\",\"name\":\"Advanced med-pharma\",\"description\":\"Advanced med-pharma \u2013 Accounting and Consulting  Wordpress Theme\",\"publisher\":{\"@id\":\"https:\/\/advancedmedpharma.informatikab.com\/#organization\"},\"potentialAction\":[{\"@type\":\"SearchAction\",\"target\":{\"@type\":\"EntryPoint\",\"urlTemplate\":\"https:\/\/advancedmedpharma.informatikab.com\/?s={search_term_string}\"},\"query-input\":{\"@type\":\"PropertyValueSpecification\",\"valueRequired\":true,\"valueName\":\"search_term_string\"}}],\"inLanguage\":\"en-GB\"},{\"@type\":\"Organization\",\"@id\":\"https:\/\/advancedmedpharma.informatikab.com\/#organization\",\"name\":\"Advanced med-pharma\",\"url\":\"https:\/\/advancedmedpharma.informatikab.com\/\",\"logo\":{\"@type\":\"ImageObject\",\"inLanguage\":\"en-GB\",\"@id\":\"https:\/\/advancedmedpharma.informatikab.com\/#\/schema\/logo\/image\/\",\"url\":\"https:\/\/advancedmedpharma.informatikab.com\/wp-content\/uploads\/2025\/03\/advanced-med-pharma.svg\",\"contentUrl\":\"https:\/\/advancedmedpharma.informatikab.com\/wp-content\/uploads\/2025\/03\/advanced-med-pharma.svg\",\"width\":210,\"height\":57,\"caption\":\"Advanced med-pharma\"},\"image\":{\"@id\":\"https:\/\/advancedmedpharma.informatikab.com\/#\/schema\/logo\/image\/\"}}]}<\/script>\n<!-- \/ Yoast SEO plugin. -->","yoast_head_json":{"title":"Blog - Advanced med-pharma","robots":{"index":"index","follow":"follow","max-snippet":"max-snippet:-1","max-image-preview":"max-image-preview:large","max-video-preview":"max-video-preview:-1"},"canonical":"https:\/\/advancedmedpharma.informatikab.com\/en\/blog\/","og_locale":"en_GB","og_type":"article","og_title":"Blog - Advanced med-pharma","og_description":"D\u00e9couvrez nos articles d\u00e9di\u00e9s aux tendances du march\u00e9, aux strat\u00e9gies d\u2019experts et aux retours d\u2019exp\u00e9rience concrets. Des contenus pratiques et inspirants pour vous aider \u00e0 prendre des d\u00e9cisions \u00e9clair\u00e9es, acc\u00e9l\u00e9rer votre croissance et innover durablement.","og_url":"https:\/\/advancedmedpharma.informatikab.com\/en\/blog\/","og_site_name":"Advanced med-pharma","article_modified_time":"2026-01-04T09:53:08+00:00","twitter_card":"summary_large_image","schema":{"@context":"https:\/\/schema.org","@graph":[{"@type":"WebPage","@id":"https:\/\/advancedmedpharma.informatikab.com\/blog\/","url":"https:\/\/advancedmedpharma.informatikab.com\/blog\/","name":"Blog - Advanced med-pharma","isPartOf":{"@id":"https:\/\/advancedmedpharma.informatikab.com\/#website"},"datePublished":"2025-03-28T07:45:36+00:00","dateModified":"2026-01-04T09:53:08+00:00","breadcrumb":{"@id":"https:\/\/advancedmedpharma.informatikab.com\/blog\/#breadcrumb"},"inLanguage":"en-GB","potentialAction":[{"@type":"ReadAction","target":["https:\/\/advancedmedpharma.informatikab.com\/blog\/"]}]},{"@type":"BreadcrumbList","@id":"https:\/\/advancedmedpharma.informatikab.com\/blog\/#breadcrumb","itemListElement":[{"@type":"ListItem","position":1,"name":"Home","item":"https:\/\/advancedmedpharma.informatikab.com\/"},{"@type":"ListItem","position":2,"name":"Blog"}]},{"@type":"WebSite","@id":"https:\/\/advancedmedpharma.informatikab.com\/#website","url":"https:\/\/advancedmedpharma.informatikab.com\/","name":"Advanced med-pharma","description":"Advanced med-pharma - Accounting and Consulting Wordpress Theme","publisher":{"@id":"https:\/\/advancedmedpharma.informatikab.com\/#organization"},"potentialAction":[{"@type":"SearchAction","target":{"@type":"EntryPoint","urlTemplate":"https:\/\/advancedmedpharma.informatikab.com\/?s={search_term_string}"},"query-input":{"@type":"PropertyValueSpecification","valueRequired":true,"valueName":"search_term_string"}}],"inLanguage":"en-GB"},{"@type":"Organization","@id":"https:\/\/advancedmedpharma.informatikab.com\/#organization","name":"Advanced med-pharma","url":"https:\/\/advancedmedpharma.informatikab.com\/","logo":{"@type":"ImageObject","inLanguage":"en-GB","@id":"https:\/\/advancedmedpharma.informatikab.com\/#\/schema\/logo\/image\/","url":"https:\/\/advancedmedpharma.informatikab.com\/wp-content\/uploads\/2025\/03\/advanced-med-pharma.svg","contentUrl":"https:\/\/advancedmedpharma.informatikab.com\/wp-content\/uploads\/2025\/03\/advanced-med-pharma.svg","width":210,"height":57,"caption":"Advanced med-pharma"},"image":{"@id":"https:\/\/advancedmedpharma.informatikab.com\/#\/schema\/logo\/image\/"}}]}},"_hostinger_reach_plugin_has_subscription_block":false,"_hostinger_reach_plugin_is_elementor":false,"_links":{"self":[{"href":"https:\/\/advancedmedpharma.informatikab.com\/en\/wp-json\/wp\/v2\/pages\/262","targetHints":{"allow":["GET"]}}],"collection":[{"href":"https:\/\/advancedmedpharma.informatikab.com\/en\/wp-json\/wp\/v2\/pages"}],"about":[{"href":"https:\/\/advancedmedpharma.informatikab.com\/en\/wp-json\/wp\/v2\/types\/page"}],"author":[{"embeddable":true,"href":"https:\/\/advancedmedpharma.informatikab.com\/en\/wp-json\/wp\/v2\/users\/1"}],"replies":[{"embeddable":true,"href":"https:\/\/advancedmedpharma.informatikab.com\/en\/wp-json\/wp\/v2\/comments?post=262"}],"version-history":[{"count":6,"href":"https:\/\/advancedmedpharma.informatikab.com\/en\/wp-json\/wp\/v2\/pages\/262\/revisions"}],"predecessor-version":[{"id":988750,"href":"https:\/\/advancedmedpharma.informatikab.com\/en\/wp-json\/wp\/v2\/pages\/262\/revisions\/988750"}],"wp:attachment":[{"href":"https:\/\/advancedmedpharma.informatikab.com\/en\/wp-json\/wp\/v2\/media?parent=262"}],"curies":[{"name":"wp","href":"https:\/\/api.w.org\/{rel}","templated":true}]}}